{"id":2814,"date":"2024-02-14T17:35:03","date_gmt":"2024-02-14T17:35:03","guid":{"rendered":"https:\/\/luxbiotech.com\/notas-legales\/"},"modified":"2024-02-15T19:08:00","modified_gmt":"2024-02-15T19:08:00","slug":"notas-legales","status":"publish","type":"page","link":"https:\/\/luxbiotech.com\/es\/notas-legales\/","title":{"rendered":"Notas legales"},"content":{"rendered":"\t\t<div data-elementor-type=\"wp-page\" data-elementor-id=\"2814\" class=\"elementor elementor-2814 elementor-2805\" data-elementor-settings=\"{&quot;ha_cmc_init_switcher&quot;:&quot;no&quot;}\" data-elementor-post-type=\"page\">\n\t\t\t\t<div class=\"elementor-element elementor-element-4fd76b2 e-flex e-con-boxed e-con e-parent\" data-id=\"4fd76b2\" data-element_type=\"container\" data-e-type=\"container\" data-settings=\"{&quot;_ha_eqh_enable&quot;:false}\">\n\t\t\t\t\t<div class=\"e-con-inner\">\n\t\t\t\t<div class=\"elementor-element elementor-element-e553e8b elementor-widget elementor-widget-text-editor\" data-id=\"e553e8b\" data-element_type=\"widget\" data-e-type=\"widget\" data-widget_type=\"text-editor.default\">\n\t\t\t\t<div class=\"elementor-widget-container\">\n\t\t\t\t\t\t\t\t\t<div class=\"aos-init aos-animate\" data-aos=\"fade-right\" data-aos-delay=\"100\">\n<h1>Informaci\u00f3n legal<\/h1>\n<\/div>\n<div class=\"cta-text-contenu aos-init aos-animate\" data-aos=\"fade-right\" data-aos-delay=\"200\">\n<div class=\"col-md-12\">\n<h3>1. Presentaci\u00f3n del sitio.<\/h3>\n<p>De conformidad con el art\u00edculo 6 de la Ley n\u00ba 2004-575, de 21 de junio de 2004, para la confianza en la econom\u00eda digital, los usuarios del sitio Luxbiotech son informados de la identidad de los distintos participantes en el marco de su creaci\u00f3n y de su seguimiento:<\/p>\n<p><strong>Propietario<\/strong>: Luxbiotech<\/p>\n<p>Direcci\u00f3n de la oficina central: 16 rue des Pr\u00e9s, L8147 Bridel Luxemburgo<\/p>\n<p>Direcci\u00f3n de la oficina: 72 rue des Pr\u00e9s, L7333 Steinsel Luxemburgo<\/p>\n<p>N\u00famero de registro 2022 2412 839. <\/p>\n<p><strong>Creador<\/strong> : <a href=\"https:\/\/www.my-production.fr\/\">MyProduction<\/a><\/p>\n<p><strong>Responsable de publicaciones:<\/strong><br \/>Jimmy Wan<\/p>\n<p>Correo electr\u00f3nico de contacto: support@luxbiotech.com<\/p>\n<p>El responsable de la publicaci\u00f3n es una persona f\u00edsica o jur\u00eddica.<\/p>\n<p><strong>Anfitri\u00f3n<\/strong> : Hostinger<\/p>\n<p>Kaunas, Lituanie<br \/>Hostinger, UAB<\/p>\n<p>Jonavos g. 60C, 44192<\/p>\n<h3>2. Condiciones generales de uso del sitio y de los servicios ofrecidos.<\/h3>\n<p>El uso del sitio Luxbiotech implica la plena aceptaci\u00f3n de las condiciones generales de uso que se describen a continuaci\u00f3n. Estas condiciones de uso pueden modificarse o completarse en cualquier momento, por lo que se invita a los usuarios del sitio Luxbiotech a consultarlas peri\u00f3dicamente.<\/p>\n<p>Normalmente, los usuarios pueden acceder a este sitio en cualquier momento. Sin embargo, Luxbiotech podr\u00e1 decidir una interrupci\u00f3n por motivos de mantenimiento t\u00e9cnico, que se esforzar\u00e1 en comunicar a los usuarios con antelaci\u00f3n las fechas y horas de la intervenci\u00f3n.<\/p>\n<p>Luxbiotech actualiza peri\u00f3dicamente el sitio de Luxbiotech. Del mismo modo, los avisos legales pueden modificarse en cualquier momento: no obstante, son vinculantes para el usuario, que est\u00e1 invitado a consultarlos con la mayor frecuencia posible para leerlos.<\/p>\n<h3>3. Descripci\u00f3n de los servicios prestados.<\/h3>\n<p>El objetivo del sitio Luxbiotech es proporcionar informaci\u00f3n sobre todas las actividades de la empresa.<\/p>\n<p>Luxbiotech se esfuerza por proporcionar informaci\u00f3n lo m\u00e1s precisa posible en el sitio web de Luxbiotech. Sin embargo, no se hace responsable de las omisiones, inexactitudes y deficiencias en la actualizaci\u00f3n, ya sean propias o de terceros socios que proporcionen esta informaci\u00f3n.<\/p>\n<p>Toda la informaci\u00f3n indicada en el sitio de Luxbiotech se proporciona \u00fanicamente con fines informativos y est\u00e1 sujeta a cambios. Adem\u00e1s, la informaci\u00f3n contenida en el sitio web de Luxbiotech no es exhaustiva. Se proporcionan sujetos a modificaciones que se hayan realizado desde su puesta en l\u00ednea.<\/p>\n<h3>4. Limitations contractuelles sur les donn\u00e9es techniques.<\/h3>\n<p>El sitio utiliza tecnolog\u00eda JavaScript.<\/p>\n<p>El sitio web no se hace responsable de los da\u00f1os materiales relacionados con el uso del sitio. Adem\u00e1s, el usuario del sitio se compromete a acceder al sitio utilizando equipos recientes, que no contengan virus y con un navegador actualizado de \u00faltima generaci\u00f3n.<\/p>\n<h3>5. Propiedad Intelectual y Falsificaci\u00f3n.<\/h3>\n<p>Luxbiotech posee los derechos de propiedad intelectual o posee los derechos de uso de todos los elementos accesibles en el sitio, en particular textos, im\u00e1genes, gr\u00e1ficos, logotipos, iconos, sonidos y software.<\/p>\n<p>Cualquier reproducci\u00f3n, representaci\u00f3n, modificaci\u00f3n, publicaci\u00f3n, adaptaci\u00f3n de todo o parte de los elementos del sitio, cualquiera que sea el medio o proceso utilizado, est\u00e1 prohibida sin el permiso previo por escrito de: Luxbiotech.<\/p>\n<p>Cualquier utilizaci\u00f3n no autorizada del sitio o de cualquiera de los elementos que contiene se considerar\u00e1 una infracci\u00f3n y ser\u00e1 perseguida de conformidad con las disposiciones de los art\u00edculos L.335-2 y siguientes del C\u00f3digo de la Propiedad Intelectual.<\/p>\n<h3>6. Limitaciones de Responsabilidad.<\/h3>\n<p>Luxbiotech no se hace responsable de los da\u00f1os directos o indirectos causados \u200b\u200bal equipo del usuario al acceder al sitio Luxbiotech, ya sea por el uso de un equipo que no cumple con las especificaciones indicadas en el punto 4, o por la aparici\u00f3n de un error o incompatibilidad.<\/p>\n<p>Luxbiotech tampoco se hace responsable de los da\u00f1os indirectos (como la p\u00e9rdida de mercado o la p\u00e9rdida de oportunidades) resultantes del uso del sitio de Luxbiotech.<\/p>\n<p>Se ponen a disposici\u00f3n de los usuarios espacios interactivos (posibilidad de realizar consultas en la zona de contacto). Luxbiotech se reserva el derecho de eliminar, sin previo aviso, cualquier contenido publicado en este espacio que contravenga la legislaci\u00f3n aplicable en Francia, en particular las disposiciones relativas a la protecci\u00f3n de datos. En su caso, Luxbiotech tambi\u00e9n se reserva el derecho de cuestionar la responsabilidad civil y\/o penal del usuario, en particular en caso de mensajes de car\u00e1cter racista, ofensivo, difamatorio o pornogr\u00e1fico, independientemente del medio utilizado (texto, fotograf\u00eda). \u2026).<\/p>\n<\/div>\n<div class=\"col-md-12\">\n<h3>7. Gesti\u00f3n de datos personales.<\/h3>\n<p>En Francia, los datos personales est\u00e1n protegidos, en particular, por la ley n\u00b0 78-87 del 6 de enero de 1978, la ley n\u00b0 2004-801 del 6 de agosto de 2004, el art\u00edculo L. 226-13 del C\u00f3digo Penal y la Directiva europea de octubre 24, 1995.<\/p>\n<p>Al utilizar el sitio de Luxbiotech, se puede recopilar lo siguiente: la URL de los enlaces a trav\u00e9s de los cuales el usuario accedi\u00f3 al sitio de Luxbiotech, el proveedor de acceso del usuario, la direcci\u00f3n de protocolo de Internet (IP) del usuario.<\/p>\n<p>En cualquier caso, Luxbiotech s\u00f3lo recopila informaci\u00f3n personal relativa al usuario para los fines de determinados servicios ofrecidos por el sitio Luxbiotech. El usuario proporciona esta informaci\u00f3n con pleno conocimiento de causa, especialmente cuando la introduce \u00e9l mismo. A continuaci\u00f3n se informa al usuario del sitio Luxbiotech si est\u00e1 obligado o no a facilitar esta informaci\u00f3n.<\/p>\n<p>De conformidad con lo dispuesto en los art\u00edculos 38 y siguientes de la ley 78-17 de 6 de enero de 1978 relativa al procesamiento de datos, archivos y libertades, cualquier usuario tiene derecho de acceso, rectificaci\u00f3n y oposici\u00f3n a los datos personales que le conciernen, mediante la presentaci\u00f3n por escrito. Solicitud firmada y firmada, acompa\u00f1ada de copia del documento de identidad con firma del titular del documento, especificando la direcci\u00f3n a la que deber\u00e1 dirigirse la respuesta.<\/p>\n<p>Ninguna informaci\u00f3n personal del usuario del sitio Luxbiotech se publica sin el conocimiento del usuario, se intercambia, se transfiere, se cede o se vende por ning\u00fan medio a terceros. S\u00f3lo la hip\u00f3tesis de la recompra de Luxbiotech y sus derechos permitir\u00eda la transmisi\u00f3n de dicha informaci\u00f3n al posible comprador quien a su vez estar\u00eda obligado por la misma obligaci\u00f3n de conservaci\u00f3n y modificaci\u00f3n de datos respecto del usuario del sitio Luxbiotech.<\/p>\n<p>Las bases de datos est\u00e1n protegidas por las disposiciones de la ley de 1 de julio de 1998 que transpone la directiva 96\/9 de 11 de marzo de 1996 relativa a la protecci\u00f3n jur\u00eddica de las bases de datos.<\/p>\n<h3>8. Enlaces de hipertexto y cookies.<\/h3>\n<p>El sitio Luxbiotech contiene una serie de enlaces de hipertexto a otros sitios, creados con la autorizaci\u00f3n de Luxbiotech. Sin embargo, Luxbiotech no puede verificar el contenido de los sitios visitados y, por lo tanto, no asumir\u00e1 ninguna responsabilidad al respecto.<\/p>\n<p>La navegaci\u00f3n por el sitio Luxbiotech puede provocar la instalaci\u00f3n de cookies en el ordenador del usuario. Una cookie es un peque\u00f1o archivo que no permite la identificaci\u00f3n del usuario, pero que registra informaci\u00f3n relativa a la navegaci\u00f3n de un ordenador en un sitio. Los datos as\u00ed obtenidos tienen como objetivo facilitar la navegaci\u00f3n posterior en el sitio y tambi\u00e9n permitir diversas mediciones del tr\u00e1fico.<\/p>\n<p>Negarse a instalar una cookie puede suponer la imposibilidad de acceder a determinados servicios. El usuario puede, no obstante, configurar su ordenador de la siguiente forma para rechazar la instalaci\u00f3n de cookies:<\/p>\n<p>En Internet Explorer: pesta\u00f1a de herramientas (pictograma en forma de engranaje en la parte superior derecha) \/ opciones de Internet. Haga clic en Privacidad y elija Bloquear todas las cookies. Validar en Ok.<\/p>\n<p>En Firefox: en la parte superior de la ventana del navegador, haga clic en el bot\u00f3n Firefox y luego vaya a la pesta\u00f1a Opciones. Haga clic en la pesta\u00f1a Privacidad.<br \/>Establezca las reglas de retenci\u00f3n en: usar configuraciones personalizadas para el historial. Finalmente desm\u00e1rquelo para deshabilitar las cookies.<\/p>\n<p>En Safari: haga clic en la parte superior derecha del navegador en el pictograma del men\u00fa (simbolizado por una rueda dentada). Seleccione Configuraci\u00f3n. Haga clic en Mostrar configuraci\u00f3n avanzada. En la secci\u00f3n \u00abPrivacidad\u00bb, haga clic en Configuraci\u00f3n de contenido. En la secci\u00f3n \u201cCookies\u201d puedes bloquear las cookies.<\/p>\n<p>En Chrome: haga clic en la parte superior derecha del navegador en el pictograma del men\u00fa (simbolizado por tres l\u00edneas horizontales). Seleccione Configuraci\u00f3n. Haga clic en Mostrar configuraci\u00f3n avanzada. En la secci\u00f3n \u00abPrivacidad\u00bb, haga clic en Preferencias. En la pesta\u00f1a \u201cPrivacidad\u201d puedes bloquear las cookies.<\/p>\n<h3>9. Ley aplicable y atribuci\u00f3n de competencia.<\/h3>\n<p>Cualquier conflicto relacionado con el uso del sitio Luxbiotech est\u00e1 sujeto a la ley francesa. La competencia exclusiva se concede a los tribunales competentes de Par\u00eds.<\/p>\n<h3>10. Las principales leyes en cuesti\u00f3n.<\/h3>\n<p>Ley N\u00b0 78-17, de 6 de enero de 1978, especialmente modificada por la Ley N\u00b0 2004-801, de 6 de agosto de 2004, relativa a la inform\u00e1tica, los archivos y las libertades.<\/p>\n<p>Ley N\u00b0 2004-575 de 21 de junio de 2004 para la confianza en la econom\u00eda digital.<\/p>\n<h3>11. Glosario.<\/h3>\n<p>Usuario: Usuario de Internet que se conecta a trav\u00e9s del sitio antes mencionado.<\/p>\n<p>Informaci\u00f3n personal: \u201cinformaci\u00f3n que permite, en cualquier forma, directa o indirectamente, la identificaci\u00f3n de las personas f\u00edsicas a las que se aplica\u201d (art\u00edculo 4 de la ley n\u00ba 78-17 de 6 de enero de 1978).<\/p>\n<\/div>\n<\/div>\n\t\t\t\t\t\t\t\t<\/div>\n\t\t\t\t<\/div>\n\t\t\t\t\t<\/div>\n\t\t\t\t<\/div>\n\t\t\t\t<\/div>\n\t\t","protected":false},"excerpt":{"rendered":"<p>Informaci\u00f3n legal 1. Presentaci\u00f3n del sitio. De conformidad con el art\u00edculo 6 de la Ley n\u00ba 2004-575, de 21 de junio de 2004, para la confianza en la econom\u00eda digital, los usuarios del sitio Luxbiotech son informados de la identidad de los distintos participantes en el marco de su creaci\u00f3n y de su seguimiento: Propietario: [&hellip;]<\/p>\n","protected":false},"author":1,"featured_media":0,"parent":0,"menu_order":0,"comment_status":"closed","ping_status":"closed","template":"","meta":{"inline_featured_image":false,"footnotes":""},"folder":[],"class_list":["post-2814","page","type-page","status-publish","hentry"],"yoast_head":"<!-- This site is optimized with the Yoast SEO plugin v27.0 - https:\/\/yoast.com\/product\/yoast-seo-wordpress\/ -->\n<title>Notas legales - Luxbiotech<\/title>\n<meta name=\"robots\" content=\"index, follow, max-snippet:-1, max-image-preview:large, max-video-preview:-1\" \/>\n<link rel=\"canonical\" href=\"https:\/\/luxbiotech.com\/es\/notas-legales\/\" \/>\n<meta property=\"og:locale\" content=\"es_ES\" \/>\n<meta property=\"og:type\" content=\"article\" \/>\n<meta property=\"og:title\" content=\"Notas legales - Luxbiotech\" \/>\n<meta property=\"og:description\" content=\"Informaci\u00f3n legal 1. Presentaci\u00f3n del sitio. De conformidad con el art\u00edculo 6 de la Ley n\u00ba 2004-575, de 21 de junio de 2004, para la confianza en la econom\u00eda digital, los usuarios del sitio Luxbiotech son informados de la identidad de los distintos participantes en el marco de su creaci\u00f3n y de su seguimiento: Propietario: [&hellip;]\" \/>\n<meta property=\"og:url\" content=\"https:\/\/luxbiotech.com\/es\/notas-legales\/\" \/>\n<meta property=\"og:site_name\" content=\"Luxbiotech\" \/>\n<meta property=\"article:modified_time\" content=\"2024-02-15T19:08:00+00:00\" \/>\n<meta name=\"twitter:card\" content=\"summary_large_image\" \/>\n<meta name=\"twitter:label1\" content=\"Tiempo de lectura\" \/>\n\t<meta name=\"twitter:data1\" content=\"7 minutos\" \/>\n<script type=\"application\/ld+json\" class=\"yoast-schema-graph\">{\"@context\":\"https:\/\/schema.org\",\"@graph\":[{\"@type\":\"WebPage\",\"@id\":\"https:\/\/luxbiotech.com\/es\/notas-legales\/\",\"url\":\"https:\/\/luxbiotech.com\/es\/notas-legales\/\",\"name\":\"Notas legales - Luxbiotech\",\"isPartOf\":{\"@id\":\"https:\/\/luxbiotech.com\/es\/#website\"},\"datePublished\":\"2024-02-14T17:35:03+00:00\",\"dateModified\":\"2024-02-15T19:08:00+00:00\",\"breadcrumb\":{\"@id\":\"https:\/\/luxbiotech.com\/es\/notas-legales\/#breadcrumb\"},\"inLanguage\":\"es\",\"potentialAction\":[{\"@type\":\"ReadAction\",\"target\":[\"https:\/\/luxbiotech.com\/es\/notas-legales\/\"]}]},{\"@type\":\"BreadcrumbList\",\"@id\":\"https:\/\/luxbiotech.com\/es\/notas-legales\/#breadcrumb\",\"itemListElement\":[{\"@type\":\"ListItem\",\"position\":1,\"name\":\"Accueil\",\"item\":\"https:\/\/luxbiotech.com\/es\/\"},{\"@type\":\"ListItem\",\"position\":2,\"name\":\"Notas legales\"}]},{\"@type\":\"WebSite\",\"@id\":\"https:\/\/luxbiotech.com\/es\/#website\",\"url\":\"https:\/\/luxbiotech.com\/es\/\",\"name\":\"Luxbiotech\",\"description\":\"Welcome to the Circular Way of Life\",\"publisher\":{\"@id\":\"https:\/\/luxbiotech.com\/es\/#organization\"},\"potentialAction\":[{\"@type\":\"SearchAction\",\"target\":{\"@type\":\"EntryPoint\",\"urlTemplate\":\"https:\/\/luxbiotech.com\/es\/?s={search_term_string}\"},\"query-input\":{\"@type\":\"PropertyValueSpecification\",\"valueRequired\":true,\"valueName\":\"search_term_string\"}}],\"inLanguage\":\"es\"},{\"@type\":\"Organization\",\"@id\":\"https:\/\/luxbiotech.com\/es\/#organization\",\"name\":\"Luxbiotech\",\"url\":\"https:\/\/luxbiotech.com\/es\/\",\"logo\":{\"@type\":\"ImageObject\",\"inLanguage\":\"es\",\"@id\":\"https:\/\/luxbiotech.com\/es\/#\/schema\/logo\/image\/\",\"url\":\"https:\/\/luxbiotech.com\/wp-content\/uploads\/2023\/12\/cropped-Groupe-71.png\",\"contentUrl\":\"https:\/\/luxbiotech.com\/wp-content\/uploads\/2023\/12\/cropped-Groupe-71.png\",\"width\":76,\"height\":57,\"caption\":\"Luxbiotech\"},\"image\":{\"@id\":\"https:\/\/luxbiotech.com\/es\/#\/schema\/logo\/image\/\"}}]}<\/script>\n<!-- \/ Yoast SEO plugin. -->","yoast_head_json":{"title":"Notas legales - Luxbiotech","robots":{"index":"index","follow":"follow","max-snippet":"max-snippet:-1","max-image-preview":"max-image-preview:large","max-video-preview":"max-video-preview:-1"},"canonical":"https:\/\/luxbiotech.com\/es\/notas-legales\/","og_locale":"es_ES","og_type":"article","og_title":"Notas legales - Luxbiotech","og_description":"Informaci\u00f3n legal 1. Presentaci\u00f3n del sitio. De conformidad con el art\u00edculo 6 de la Ley n\u00ba 2004-575, de 21 de junio de 2004, para la confianza en la econom\u00eda digital, los usuarios del sitio Luxbiotech son informados de la identidad de los distintos participantes en el marco de su creaci\u00f3n y de su seguimiento: Propietario: [&hellip;]","og_url":"https:\/\/luxbiotech.com\/es\/notas-legales\/","og_site_name":"Luxbiotech","article_modified_time":"2024-02-15T19:08:00+00:00","twitter_card":"summary_large_image","twitter_misc":{"Tiempo de lectura":"7 minutos"},"schema":{"@context":"https:\/\/schema.org","@graph":[{"@type":"WebPage","@id":"https:\/\/luxbiotech.com\/es\/notas-legales\/","url":"https:\/\/luxbiotech.com\/es\/notas-legales\/","name":"Notas legales - Luxbiotech","isPartOf":{"@id":"https:\/\/luxbiotech.com\/es\/#website"},"datePublished":"2024-02-14T17:35:03+00:00","dateModified":"2024-02-15T19:08:00+00:00","breadcrumb":{"@id":"https:\/\/luxbiotech.com\/es\/notas-legales\/#breadcrumb"},"inLanguage":"es","potentialAction":[{"@type":"ReadAction","target":["https:\/\/luxbiotech.com\/es\/notas-legales\/"]}]},{"@type":"BreadcrumbList","@id":"https:\/\/luxbiotech.com\/es\/notas-legales\/#breadcrumb","itemListElement":[{"@type":"ListItem","position":1,"name":"Accueil","item":"https:\/\/luxbiotech.com\/es\/"},{"@type":"ListItem","position":2,"name":"Notas legales"}]},{"@type":"WebSite","@id":"https:\/\/luxbiotech.com\/es\/#website","url":"https:\/\/luxbiotech.com\/es\/","name":"Luxbiotech","description":"Welcome to the Circular Way of Life","publisher":{"@id":"https:\/\/luxbiotech.com\/es\/#organization"},"potentialAction":[{"@type":"SearchAction","target":{"@type":"EntryPoint","urlTemplate":"https:\/\/luxbiotech.com\/es\/?s={search_term_string}"},"query-input":{"@type":"PropertyValueSpecification","valueRequired":true,"valueName":"search_term_string"}}],"inLanguage":"es"},{"@type":"Organization","@id":"https:\/\/luxbiotech.com\/es\/#organization","name":"Luxbiotech","url":"https:\/\/luxbiotech.com\/es\/","logo":{"@type":"ImageObject","inLanguage":"es","@id":"https:\/\/luxbiotech.com\/es\/#\/schema\/logo\/image\/","url":"https:\/\/luxbiotech.com\/wp-content\/uploads\/2023\/12\/cropped-Groupe-71.png","contentUrl":"https:\/\/luxbiotech.com\/wp-content\/uploads\/2023\/12\/cropped-Groupe-71.png","width":76,"height":57,"caption":"Luxbiotech"},"image":{"@id":"https:\/\/luxbiotech.com\/es\/#\/schema\/logo\/image\/"}}]}},"_links":{"self":[{"href":"https:\/\/luxbiotech.com\/es\/wp-json\/wp\/v2\/pages\/2814","targetHints":{"allow":["GET"]}}],"collection":[{"href":"https:\/\/luxbiotech.com\/es\/wp-json\/wp\/v2\/pages"}],"about":[{"href":"https:\/\/luxbiotech.com\/es\/wp-json\/wp\/v2\/types\/page"}],"author":[{"embeddable":true,"href":"https:\/\/luxbiotech.com\/es\/wp-json\/wp\/v2\/users\/1"}],"replies":[{"embeddable":true,"href":"https:\/\/luxbiotech.com\/es\/wp-json\/wp\/v2\/comments?post=2814"}],"version-history":[{"count":5,"href":"https:\/\/luxbiotech.com\/es\/wp-json\/wp\/v2\/pages\/2814\/revisions"}],"predecessor-version":[{"id":2917,"href":"https:\/\/luxbiotech.com\/es\/wp-json\/wp\/v2\/pages\/2814\/revisions\/2917"}],"wp:attachment":[{"href":"https:\/\/luxbiotech.com\/es\/wp-json\/wp\/v2\/media?parent=2814"}],"wp:term":[{"taxonomy":"folder","embeddable":true,"href":"https:\/\/luxbiotech.com\/es\/wp-json\/wp\/v2\/folder?post=2814"}],"curies":[{"name":"wp","href":"https:\/\/api.w.org\/{rel}","templated":true}]}}