{"id":3411,"date":"2024-02-14T17:35:03","date_gmt":"2024-02-14T17:35:03","guid":{"rendered":"https:\/\/luxbiotech.com\/avviso-legale\/"},"modified":"2024-04-09T14:11:38","modified_gmt":"2024-04-09T14:11:38","slug":"avviso-legale","status":"publish","type":"page","link":"https:\/\/luxbiotech.com\/it\/avviso-legale\/","title":{"rendered":"Avviso legale"},"content":{"rendered":"\t\t<div data-elementor-type=\"wp-page\" data-elementor-id=\"3411\" class=\"elementor elementor-3411 elementor-2805\" data-elementor-settings=\"{&quot;ha_cmc_init_switcher&quot;:&quot;no&quot;}\" data-elementor-post-type=\"page\">\n\t\t\t\t<div class=\"elementor-element elementor-element-4fd76b2 e-flex e-con-boxed e-con e-parent\" data-id=\"4fd76b2\" data-element_type=\"container\" data-e-type=\"container\" data-settings=\"{&quot;_ha_eqh_enable&quot;:false}\">\n\t\t\t\t\t<div class=\"e-con-inner\">\n\t\t\t\t<div class=\"elementor-element elementor-element-e553e8b elementor-widget elementor-widget-text-editor\" data-id=\"e553e8b\" data-element_type=\"widget\" data-e-type=\"widget\" data-widget_type=\"text-editor.default\">\n\t\t\t\t<div class=\"elementor-widget-container\">\n\t\t\t\t\t\t\t\t\t<div class=\"aos-init aos-animate\" data-aos=\"fade-right\" data-aos-delay=\"100\">\n<h1>Informazione legale<\/h1>\n<\/div>\n<div class=\"cta-text-contenu aos-init aos-animate\" data-aos=\"fade-right\" data-aos-delay=\"200\">\n<div class=\"col-md-12\">\n<h3>1. Presentazione del sito.<\/h3>\n<p>Ai sensi dell&#8217;articolo 6 della legge n\u00b0 2004-575 del 21 giugno 2004 sulla fiducia nell&#8217;economia digitale, gli utenti del sito Luxbiotech sono informati dell&#8217;identit\u00e0 dei diversi partecipanti nel contesto della sua creazione e del suo seguito:<\/p>\n<p><strong>Proprietario<\/strong>: Luxbiotech<\/p>\n<p>Indirizzo della sede centrale: 16 rue des Pr\u00e9s, L8147 Bridel Lussemburgo<\/p>\n<p>Indirizzo dell&#8217;ufficio: 72 rue des Pr\u00e9s, L7333 Steinsel Lussemburgo<\/p>\n<p>Numero di registrazione 2022 2412 839. <\/p>\n<p><strong>Creatore<\/strong>: <a href=\"https:\/\/www.my-production.fr\/\">MyProduction<\/a><\/p>\n<p><strong>Responsabile della pubblicazione<\/strong>:<br \/>Jimmy Wan<\/p>\n<p>E-mail di contatto: support@luxbiotech.com<\/p>\n<p>Il responsabile della pubblicazione \u00e8 una persona fisica o giuridica.<\/p>\n<p><strong>Presentatore<\/strong>: Hostinger<\/p>\n<p>Kaunas, Lituanie<br \/>Hostinger, UAB<\/p>\n<p>Jonavos g. 60C, 44192<\/p>\n<h3>2. Condizioni generali di utilizzo del sito e dei servizi offerti.<\/h3>\n<p>L&#8217;utilizzo del sito Luxbiotech implica la piena accettazione delle condizioni generali di utilizzo di seguito descritte. Le presenti condizioni d&#8217;uso potranno essere modificate o integrate in qualsiasi momento, si invitano pertanto gli utenti del sito Luxbiotech a consultarle regolarmente.<\/p>\n<p>Questo sito \u00e8 normalmente accessibile agli utenti in qualsiasi momento. Un&#8217;interruzione per motivi di manutenzione tecnica potr\u00e0 comunque essere decisa da Luxbiotech, che si impegner\u00e0 poi a comunicare preventivamente agli utenti le date e gli orari dell&#8217;intervento.<\/p>\n<p>Il sito Luxbiotech viene aggiornato regolarmente da Luxbiotech. Allo stesso modo, le note legali possono essere modificate in qualsiasi momento: esse sono comunque vincolanti per l&#8217;utente che \u00e8 invitato a farvi riferimento il pi\u00f9 spesso possibile per leggerle.<\/p>\n<h3>3. Descrizione dei servizi forniti.<\/h3>\n<p>Lo scopo del sito Luxbiotech \u00e8 quello di fornire informazioni riguardanti tutte le attivit\u00e0 dell&#8217;azienda.<\/p>\n<p>Luxbiotech si impegna a fornire informazioni quanto pi\u00f9 accurate possibile sul sito web Luxbiotech. Tuttavia, non pu\u00f2 essere ritenuto responsabile per omissioni, inesattezze e carenze nell&#8217;aggiornamento, dovute a se stesso o ai partner terzi che forniscono tali informazioni.<\/p>\n<p>Tutte le informazioni indicate sul sito Luxbiotech sono fornite a solo scopo informativo e sono soggette a modifiche. Inoltre, le informazioni presenti sul sito Luxbiotech non sono esaustive. Vengono forniti soggetti a modifiche apportate da quando sono stati messi online.<\/p>\n<h3>4. Limitazioni contrattuali sui dati tecnici.<\/h3>\n<p>Il sito utilizza la tecnologia JavaScript.<\/p>\n<p>Il sito web non potr\u00e0 essere ritenuto responsabile per danni materiali legati all&#8217;utilizzo del sito. Inoltre, l&#8217;utente del sito si impegna ad accedere al sito utilizzando apparecchiature recenti, non contenenti virus e con un browser aggiornato di ultima generazione.<\/p>\n<h3>5. Propriet\u00e0 intellettuale e contraffazione.<\/h3>\n<p>Luxbiotech \u00e8 titolare dei diritti di propriet\u00e0 intellettuale o detiene i diritti di utilizzo su tutti gli elementi accessibili sul sito, in particolare testi, immagini, grafica, loghi, icone, suoni, software.<\/p>\n<p>Qualsiasi riproduzione, rappresentazione, modifica, pubblicazione, adattamento di tutti o parte degli elementi del sito, qualunque sia il mezzo o il processo utilizzato, \u00e8 vietata senza previa autorizzazione scritta di: Luxbiotech.<\/p>\n<p>Qualsiasi utilizzo non autorizzato del sito o di uno qualsiasi degli elementi in esso contenuti sar\u00e0 considerato una violazione e perseguito ai sensi delle disposizioni degli articoli L.335-2 e seguenti del Codice della propriet\u00e0 intellettuale.<\/p>\n<h3>6. Limitazioni di responsabilit\u00e0.<\/h3>\n<p>Luxbiotech non pu\u00f2 essere ritenuta responsabile dei danni diretti o indiretti causati alle apparecchiature dell&#8217;utente durante l&#8217;accesso al sito Luxbiotech e derivanti sia dall&#8217;utilizzo di apparecchiature non conformi alle specifiche indicate al punto 4, sia dalla comparsa di un bug o di incompatibilit\u00e0.<\/p>\n<p>Luxbiotech non potr\u00e0 inoltre essere ritenuta responsabile per danni indiretti (quali perdita di mercato o perdita di opportunit\u00e0) derivanti dall&#8217;utilizzo del sito Luxbiotech.<\/p>\n<p>Sono a disposizione degli utenti spazi interattivi (possibilit\u00e0 di porre domande nell&#8217;area contatti). Luxbiotech si riserva il diritto di eliminare, senza preavviso, qualsiasi contenuto pubblicato in questo spazio che contravvenga alla legislazione applicabile in Francia, in particolare alle disposizioni relative alla protezione dei dati. Ove applicabile, Luxbiotech si riserva inoltre il diritto di mettere in discussione la responsabilit\u00e0 civile e\/o penale dell&#8217;utente, in particolare in caso di messaggi di carattere razzista, offensivo, diffamatorio o pornografico, indipendentemente dal mezzo utilizzato (testi, fotografie \u2026).<\/p>\n<\/div>\n<div class=\"col-md-12\">\n<h3>7. Gestione dei dati personali.<\/h3>\n<p>In Francia, i dati personali sono protetti in particolare dalla legge n. 78-87 del 6 gennaio 1978, dalla legge n. 2004-801 del 6 agosto 2004, dall&#8217;articolo L. 226-13 del Codice penale e dalla Direttiva europea del 24 ottobre , 1995.<\/p>\n<p>Quando si utilizza il sito Luxbiotech, possono essere raccolti: l&#8217;URL dei collegamenti attraverso i quali l&#8217;utente ha effettuato l&#8217;accesso al sito Luxbiotech, il provider di accesso dell&#8217;utente, l&#8217;indirizzo del protocollo Internet (IP) dell&#8217;utente.<\/p>\n<p>In ogni caso, Luxbiotech raccoglie solo informazioni personali relative all&#8217;utente ai fini di alcuni servizi offerti dal sito Luxbiotech. L&#8217;utente fornisce queste informazioni con piena cognizione di causa, in particolare quando le inserisce lui stesso. L&#8217;utente del sito Luxbiotech viene quindi informato se \u00e8 obbligato o meno a fornire tali informazioni.<\/p>\n<p>Conformemente alle disposizioni degli articoli 38 e seguenti della legge 78-17 del 6 gennaio 1978 relativa all&#8217;informatica, ai file e alle libert\u00e0, ogni utente dispone di un diritto di accesso, rettifica e opposizione ai dati personali che lo riguardano, presentando la sua richiesta scritta richiesta sottoscritta, accompagnata da copia del documento di identit\u00e0 con firma del titolare del documento, specificando l&#8217;indirizzo al quale dovr\u00e0 essere inviata la risposta.<\/p>\n<p>Nessuna informazione personale dell&#8217;utente del sito Luxbiotech viene pubblicata all&#8217;insaputa dell&#8217;utente, scambiata, trasferita, assegnata o venduta su qualsiasi supporto a terzi. Solo l&#8217;ipotesi di riacquisto di Luxbiotech e dei suoi diritti consentirebbe la trasmissione di dette informazioni all&#8217;eventuale acquirente il quale sarebbe a sua volta tenuto al medesimo obbligo di conservazione e modifica dei dati rispetto all&#8217;utente del sito Luxbiotech.<\/p>\n<p>Le banche dati sono protette dalle disposizioni della legge del 1 luglio 1998 che recepisce la direttiva 96\/9 dell&#8217;11 marzo 1996 relativa alla protezione giuridica delle banche dati.<\/p>\n<h3>8. Collegamenti ipertestuali e cookie.<\/h3>\n<p>Il sito Luxbiotech contiene una serie di collegamenti ipertestuali ad altri siti, predisposti con l&#8217;autorizzazione di Luxbiotech. Luxbiotech non \u00e8 tuttavia in grado di verificare il contenuto dei siti visitati e pertanto non si assume alcuna responsabilit\u00e0 in merito.<\/p>\n<p>La navigazione nel sito Luxbiotech pu\u00f2 causare l&#8217;installazione di cookie sul computer dell&#8217;utente. Un cookie \u00e8 un file di piccole dimensioni, che non consente l&#8217;identificazione dell&#8217;utente, ma che registra informazioni relative alla navigazione di un computer su un sito. I dati cos\u00ec ottenuti hanno lo scopo di facilitare la successiva navigazione sul sito, e hanno anche lo scopo di consentire varie misurazioni del traffico.<\/p>\n<p>Rifiutare l&#8217;installazione di un cookie pu\u00f2 comportare l&#8217;impossibilit\u00e0 di accedere ad alcuni servizi. L&#8217;utente pu\u00f2 comunque configurare il proprio computer nel modo seguente per rifiutare l&#8217;installazione dei cookie:<\/p>\n<p>In Internet Explorer: scheda Strumenti (pittogramma a forma di ingranaggio in alto a destra) \/ Opzioni Internet. Fai clic su Privacy e scegli Blocca tutti i cookie. Convalidare su Ok.<\/p>\n<p>In Firefox: nella parte superiore della finestra del browser, fare clic sul pulsante Firefox, quindi andare alla scheda Opzioni. Fare clic sulla scheda Privacy.<br \/>Imposta le regole di conservazione su: utilizza le impostazioni personalizzate per la cronologia. Infine deselezionalo per disabilitare i cookie.<\/p>\n<p>In Safari: fare clic in alto a destra nel browser sul pittogramma del menu (simboleggiato da un ingranaggio). Seleziona Impostazioni. Fai clic su Mostra impostazioni avanzate. Nella sezione \u201cPrivacy\u201d, fai clic su Impostazioni contenuti. Nella sezione \u201cCookie\u201d \u00e8 possibile bloccare i cookie.<\/p>\n<p>In Chrome: fare clic in alto a destra nel browser sul pittogramma del menu (simboleggiato da tre linee orizzontali). Seleziona Impostazioni. Fai clic su Mostra impostazioni avanzate. Nella sezione \u201cPrivacy\u201d, fare clic su Preferenze. Nella scheda \u201cPrivacy\u201d \u00e8 possibile bloccare i cookie.<\/p>\n<h3>9. Legge applicabile e attribuzione di giurisdizione.<\/h3>\n<p>Qualsiasi controversia relativa all&#8217;utilizzo del sito Luxbiotech \u00e8 soggetta alla legge francese. La giurisdizione esclusiva \u00e8 attribuita ai tribunali competenti di Parigi.<\/p>\n<h3>10. Le principali leggi interessate.<\/h3>\n<p>Legge n. 78-17 del 6 gennaio 1978, modificata in particolare dalla legge n. 2004-801 del 6 agosto 2004 relativa all&#8217;informatica, ai file e alle libert\u00e0.<\/p>\n<p>Legge n. 2004-575 del 21 giugno 2004 per la fiducia nell&#8217;economia digitale.<\/p>\n<h3>11. Glossario.<\/h3>\n<p>Utente: utente Internet che si connette utilizzando il suddetto sito.<\/p>\n<p>Informazioni personali: \u201cinformazioni che consentono, sotto qualsiasi forma, direttamente o indirettamente, l&#8217;identificazione delle persone fisiche a cui si applica\u201d (articolo 4 della legge n. 78-17 del 6 gennaio 1978).<\/p>\n<\/div>\n<\/div>\n\t\t\t\t\t\t\t\t<\/div>\n\t\t\t\t<\/div>\n\t\t\t\t\t<\/div>\n\t\t\t\t<\/div>\n\t\t\t\t<\/div>\n\t\t","protected":false},"excerpt":{"rendered":"<p>Informazione legale 1. Presentazione del sito. Ai sensi dell&#8217;articolo 6 della legge n\u00b0 2004-575 del 21 giugno 2004 sulla fiducia nell&#8217;economia digitale, gli utenti del sito Luxbiotech sono informati dell&#8217;identit\u00e0 dei diversi partecipanti nel contesto della sua creazione e del suo seguito: Proprietario: Luxbiotech Indirizzo della sede centrale: 16 rue des Pr\u00e9s, L8147 Bridel Lussemburgo [&hellip;]<\/p>\n","protected":false},"author":1,"featured_media":0,"parent":0,"menu_order":0,"comment_status":"closed","ping_status":"closed","template":"","meta":{"inline_featured_image":false,"footnotes":""},"folder":[],"class_list":["post-3411","page","type-page","status-publish","hentry"],"yoast_head":"<!-- This site is optimized with the Yoast SEO plugin v27.0 - https:\/\/yoast.com\/product\/yoast-seo-wordpress\/ -->\n<title>Avviso legale - Luxbiotech<\/title>\n<meta name=\"robots\" content=\"index, follow, max-snippet:-1, max-image-preview:large, max-video-preview:-1\" \/>\n<link rel=\"canonical\" href=\"https:\/\/luxbiotech.com\/it\/avviso-legale\/\" \/>\n<meta property=\"og:locale\" content=\"it_IT\" \/>\n<meta property=\"og:type\" content=\"article\" \/>\n<meta property=\"og:title\" content=\"Avviso legale - Luxbiotech\" \/>\n<meta property=\"og:description\" content=\"Informazione legale 1. Presentazione del sito. Ai sensi dell&#8217;articolo 6 della legge n\u00b0 2004-575 del 21 giugno 2004 sulla fiducia nell&#8217;economia digitale, gli utenti del sito Luxbiotech sono informati dell&#8217;identit\u00e0 dei diversi partecipanti nel contesto della sua creazione e del suo seguito: Proprietario: Luxbiotech Indirizzo della sede centrale: 16 rue des Pr\u00e9s, L8147 Bridel Lussemburgo [&hellip;]\" \/>\n<meta property=\"og:url\" content=\"https:\/\/luxbiotech.com\/it\/avviso-legale\/\" \/>\n<meta property=\"og:site_name\" content=\"Luxbiotech\" \/>\n<meta property=\"article:modified_time\" content=\"2024-04-09T14:11:38+00:00\" \/>\n<meta name=\"twitter:card\" content=\"summary_large_image\" \/>\n<meta name=\"twitter:label1\" content=\"Tempo di lettura stimato\" \/>\n\t<meta name=\"twitter:data1\" content=\"6 minuti\" \/>\n<script type=\"application\/ld+json\" class=\"yoast-schema-graph\">{\"@context\":\"https:\/\/schema.org\",\"@graph\":[{\"@type\":\"WebPage\",\"@id\":\"https:\/\/luxbiotech.com\/it\/avviso-legale\/\",\"url\":\"https:\/\/luxbiotech.com\/it\/avviso-legale\/\",\"name\":\"Avviso legale - Luxbiotech\",\"isPartOf\":{\"@id\":\"https:\/\/luxbiotech.com\/it\/#website\"},\"datePublished\":\"2024-02-14T17:35:03+00:00\",\"dateModified\":\"2024-04-09T14:11:38+00:00\",\"breadcrumb\":{\"@id\":\"https:\/\/luxbiotech.com\/it\/avviso-legale\/#breadcrumb\"},\"inLanguage\":\"it-IT\",\"potentialAction\":[{\"@type\":\"ReadAction\",\"target\":[\"https:\/\/luxbiotech.com\/it\/avviso-legale\/\"]}]},{\"@type\":\"BreadcrumbList\",\"@id\":\"https:\/\/luxbiotech.com\/it\/avviso-legale\/#breadcrumb\",\"itemListElement\":[{\"@type\":\"ListItem\",\"position\":1,\"name\":\"Accueil\",\"item\":\"https:\/\/luxbiotech.com\/it\/\"},{\"@type\":\"ListItem\",\"position\":2,\"name\":\"Avviso legale\"}]},{\"@type\":\"WebSite\",\"@id\":\"https:\/\/luxbiotech.com\/it\/#website\",\"url\":\"https:\/\/luxbiotech.com\/it\/\",\"name\":\"Luxbiotech\",\"description\":\"Welcome to the Circular Way of Life\",\"potentialAction\":[{\"@type\":\"SearchAction\",\"target\":{\"@type\":\"EntryPoint\",\"urlTemplate\":\"https:\/\/luxbiotech.com\/it\/?s={search_term_string}\"},\"query-input\":{\"@type\":\"PropertyValueSpecification\",\"valueRequired\":true,\"valueName\":\"search_term_string\"}}],\"inLanguage\":\"it-IT\"}]}<\/script>\n<!-- \/ Yoast SEO plugin. -->","yoast_head_json":{"title":"Avviso legale - Luxbiotech","robots":{"index":"index","follow":"follow","max-snippet":"max-snippet:-1","max-image-preview":"max-image-preview:large","max-video-preview":"max-video-preview:-1"},"canonical":"https:\/\/luxbiotech.com\/it\/avviso-legale\/","og_locale":"it_IT","og_type":"article","og_title":"Avviso legale - Luxbiotech","og_description":"Informazione legale 1. Presentazione del sito. Ai sensi dell&#8217;articolo 6 della legge n\u00b0 2004-575 del 21 giugno 2004 sulla fiducia nell&#8217;economia digitale, gli utenti del sito Luxbiotech sono informati dell&#8217;identit\u00e0 dei diversi partecipanti nel contesto della sua creazione e del suo seguito: Proprietario: Luxbiotech Indirizzo della sede centrale: 16 rue des Pr\u00e9s, L8147 Bridel Lussemburgo [&hellip;]","og_url":"https:\/\/luxbiotech.com\/it\/avviso-legale\/","og_site_name":"Luxbiotech","article_modified_time":"2024-04-09T14:11:38+00:00","twitter_card":"summary_large_image","twitter_misc":{"Tempo di lettura stimato":"6 minuti"},"schema":{"@context":"https:\/\/schema.org","@graph":[{"@type":"WebPage","@id":"https:\/\/luxbiotech.com\/it\/avviso-legale\/","url":"https:\/\/luxbiotech.com\/it\/avviso-legale\/","name":"Avviso legale - Luxbiotech","isPartOf":{"@id":"https:\/\/luxbiotech.com\/it\/#website"},"datePublished":"2024-02-14T17:35:03+00:00","dateModified":"2024-04-09T14:11:38+00:00","breadcrumb":{"@id":"https:\/\/luxbiotech.com\/it\/avviso-legale\/#breadcrumb"},"inLanguage":"it-IT","potentialAction":[{"@type":"ReadAction","target":["https:\/\/luxbiotech.com\/it\/avviso-legale\/"]}]},{"@type":"BreadcrumbList","@id":"https:\/\/luxbiotech.com\/it\/avviso-legale\/#breadcrumb","itemListElement":[{"@type":"ListItem","position":1,"name":"Accueil","item":"https:\/\/luxbiotech.com\/it\/"},{"@type":"ListItem","position":2,"name":"Avviso legale"}]},{"@type":"WebSite","@id":"https:\/\/luxbiotech.com\/it\/#website","url":"https:\/\/luxbiotech.com\/it\/","name":"Luxbiotech","description":"Welcome to the Circular Way of Life","potentialAction":[{"@type":"SearchAction","target":{"@type":"EntryPoint","urlTemplate":"https:\/\/luxbiotech.com\/it\/?s={search_term_string}"},"query-input":{"@type":"PropertyValueSpecification","valueRequired":true,"valueName":"search_term_string"}}],"inLanguage":"it-IT"}]}},"_links":{"self":[{"href":"https:\/\/luxbiotech.com\/it\/wp-json\/wp\/v2\/pages\/3411","targetHints":{"allow":["GET"]}}],"collection":[{"href":"https:\/\/luxbiotech.com\/it\/wp-json\/wp\/v2\/pages"}],"about":[{"href":"https:\/\/luxbiotech.com\/it\/wp-json\/wp\/v2\/types\/page"}],"author":[{"embeddable":true,"href":"https:\/\/luxbiotech.com\/it\/wp-json\/wp\/v2\/users\/1"}],"replies":[{"embeddable":true,"href":"https:\/\/luxbiotech.com\/it\/wp-json\/wp\/v2\/comments?post=3411"}],"version-history":[{"count":3,"href":"https:\/\/luxbiotech.com\/it\/wp-json\/wp\/v2\/pages\/3411\/revisions"}],"predecessor-version":[{"id":3414,"href":"https:\/\/luxbiotech.com\/it\/wp-json\/wp\/v2\/pages\/3411\/revisions\/3414"}],"wp:attachment":[{"href":"https:\/\/luxbiotech.com\/it\/wp-json\/wp\/v2\/media?parent=3411"}],"wp:term":[{"taxonomy":"folder","embeddable":true,"href":"https:\/\/luxbiotech.com\/it\/wp-json\/wp\/v2\/folder?post=3411"}],"curies":[{"name":"wp","href":"https:\/\/api.w.org\/{rel}","templated":true}]}}